{"id":72,"date":"2020-03-04T22:39:08","date_gmt":"2020-03-04T21:39:08","guid":{"rendered":"http:\/\/heimatverein-neusatz.de\/?page_id=72"},"modified":"2021-09-03T00:22:17","modified_gmt":"2021-09-02T22:22:17","slug":"bilder-von-damals","status":"publish","type":"page","link":"https:\/\/heimatverein-neusatz.de\/?page_id=72","title":{"rendered":"Historisches aus Neusatz und Ansichten"},"content":{"rendered":"<h2 style=\"text-align: center;\">Historische Brunnenanlage H\u00f6rth auf dem Kirchb\u00fchl<\/h2>\n<div id=\"attachment_389\" style=\"width: 300px\" class=\"wp-caption alignleft\"><img loading=\"lazy\" decoding=\"async\" aria-describedby=\"caption-attachment-389\" class=\"wp-image-389 size-medium\" src=\"http:\/\/heimatverein-neusatz.de\/wp-content\/uploads\/2020\/12\/Hoerth-Brunnen-frueher-300x194.jpg\" alt=\"\" width=\"300\" height=\"194\" srcset=\"https:\/\/heimatverein-neusatz.de\/wp-content\/uploads\/2020\/12\/Hoerth-Brunnen-frueher-300x194.jpg 300w, https:\/\/heimatverein-neusatz.de\/wp-content\/uploads\/2020\/12\/Hoerth-Brunnen-frueher-1024x661.jpg 1024w, https:\/\/heimatverein-neusatz.de\/wp-content\/uploads\/2020\/12\/Hoerth-Brunnen-frueher-768x496.jpg 768w, https:\/\/heimatverein-neusatz.de\/wp-content\/uploads\/2020\/12\/Hoerth-Brunnen-frueher-1536x992.jpg 1536w, https:\/\/heimatverein-neusatz.de\/wp-content\/uploads\/2020\/12\/Hoerth-Brunnen-frueher-750x484.jpg 750w, https:\/\/heimatverein-neusatz.de\/wp-content\/uploads\/2020\/12\/Hoerth-Brunnen-frueher.jpg 1985w\" sizes=\"auto, (max-width: 300px) 100vw, 300px\" \/><p id=\"caption-attachment-389\" class=\"wp-caption-text\">Alter Brunnenstock<\/p><\/div>\n<p>Der Brunnen wird von einer Quelle der Lendersmatt gespeist. Er existierte bereits vor 1885 und diente zur Wasserversorgung der Anwohner. Bis nach dem Zweiten Weltkrieg tr\u00e4nkten die umliegenden Bauern dort auch ihre K\u00fche. Ebenso legten vorbei kommende Fuhrleute gerne eine Rast ein. Ihre Zugochsen, die mit schwerer Langholzfracht unterwegs waren, konnten ihren Durst stillen.<\/p>\n<p>Seine urspr\u00fcngliche Funktion hat der Brunnen verloren. Heute ist er Zeugnis vergangener Tage und tr\u00e4gt zur Dorfversch\u00f6nerung bei.<\/p>\n<p>Der Brunnenstock wurde 1954 erneuert. Er musste 1994 renoviert werden und im gleichen Jahr wurde ein neuer Brunnentrog angeschafft, wobei der Alte zur Sitzbank umfunktioniert wurde.<\/p>\n<div id=\"attachment_388\" style=\"width: 300px\" class=\"wp-caption alignright\"><img loading=\"lazy\" decoding=\"async\" aria-describedby=\"caption-attachment-388\" class=\"wp-image-388 size-medium\" src=\"http:\/\/heimatverein-neusatz.de\/wp-content\/uploads\/2020\/12\/Hoerth-Brunnen-jetzt-300x217.jpg\" alt=\"\" width=\"300\" height=\"217\" srcset=\"https:\/\/heimatverein-neusatz.de\/wp-content\/uploads\/2020\/12\/Hoerth-Brunnen-jetzt-300x217.jpg 300w, https:\/\/heimatverein-neusatz.de\/wp-content\/uploads\/2020\/12\/Hoerth-Brunnen-jetzt-1024x740.jpg 1024w, https:\/\/heimatverein-neusatz.de\/wp-content\/uploads\/2020\/12\/Hoerth-Brunnen-jetzt-768x555.jpg 768w, https:\/\/heimatverein-neusatz.de\/wp-content\/uploads\/2020\/12\/Hoerth-Brunnen-jetzt-1536x1110.jpg 1536w, https:\/\/heimatverein-neusatz.de\/wp-content\/uploads\/2020\/12\/Hoerth-Brunnen-jetzt-2048x1479.jpg 2048w, https:\/\/heimatverein-neusatz.de\/wp-content\/uploads\/2020\/12\/Hoerth-Brunnen-jetzt-750x542.jpg 750w\" sizes=\"auto, (max-width: 300px) 100vw, 300px\" \/><p id=\"caption-attachment-388\" class=\"wp-caption-text\">Neuer Brunnentrog und Brunnenstock<\/p><\/div>\n<p>Als 2001, im Zuge des Ausbaues der Schwarzwaldsta\u00dfe die Anlage komplett neu gestaltet wurde, zeigte sich, dass der Brunnenstock morsch war. Edwin J\u00e4gel schnitzte 2007 eine kunstvoll verzierte Holzs\u00e4ule, auf der nun der Steinhauer mit seinem &#8222;Achtzehnpf\u00fcnder&#8220; forschen Schrittes zur Arbeit marschiert. Gekonnte Licht- und Schattenakzente geben ihm Lebendigkeit.<\/p>\n<p>Ein Rosenbogen l\u00e4dt ein, die Anlage zu erkunden.<\/p>\n<h2><\/h2>\n<div id=\"attachment_404\" style=\"width: 339px\" class=\"wp-caption aligncenter\"><img loading=\"lazy\" decoding=\"async\" aria-describedby=\"caption-attachment-404\" class=\"wp-image-404 \" src=\"http:\/\/heimatverein-neusatz.de\/wp-content\/uploads\/2020\/12\/49.-Ausgabe-Dezember-2007-Seite-80-81-203x300.jpg\" alt=\"\" width=\"339\" height=\"501\" srcset=\"https:\/\/heimatverein-neusatz.de\/wp-content\/uploads\/2020\/12\/49.-Ausgabe-Dezember-2007-Seite-80-81-203x300.jpg 203w, https:\/\/heimatverein-neusatz.de\/wp-content\/uploads\/2020\/12\/49.-Ausgabe-Dezember-2007-Seite-80-81-694x1024.jpg 694w, https:\/\/heimatverein-neusatz.de\/wp-content\/uploads\/2020\/12\/49.-Ausgabe-Dezember-2007-Seite-80-81-768x1134.jpg 768w, https:\/\/heimatverein-neusatz.de\/wp-content\/uploads\/2020\/12\/49.-Ausgabe-Dezember-2007-Seite-80-81-1041x1536.jpg 1041w, https:\/\/heimatverein-neusatz.de\/wp-content\/uploads\/2020\/12\/49.-Ausgabe-Dezember-2007-Seite-80-81-1388x2048.jpg 1388w, https:\/\/heimatverein-neusatz.de\/wp-content\/uploads\/2020\/12\/49.-Ausgabe-Dezember-2007-Seite-80-81-750x1107.jpg 750w, https:\/\/heimatverein-neusatz.de\/wp-content\/uploads\/2020\/12\/49.-Ausgabe-Dezember-2007-Seite-80-81.jpg 1641w\" sizes=\"auto, (max-width: 339px) 100vw, 339px\" \/><p id=\"caption-attachment-404\" class=\"wp-caption-text\">Neusatzer Heimatgr\u00fc\u00dfe 2007, Ausgabe 49,\u00a0 S. 81<\/p><\/div>\n<p>&nbsp;<\/p>\n<h2><\/h2>\n<h2><\/h2>\n<h2 style=\"text-align: center;\">25 Jahre Weinlehrpfad Ralschbach<\/h2>\n<p>Seit nunmehr einem Vierteljahrhundert gibt es den Weinlehrpfad in den Ralschbachreben. Der damalige Vorsitzende des Heimat- und Verkehrsvereins, Wolf J\u00fcrgen Lie\u00df, ein Weinkenner und &#8211; liebhaber, hatte die Idee, in unserem Dorf einen solchen Lehrpfad zu errichten. Damit k\u00f6nne zum Einen Interessierten Wissen \u00fcber die Herstellung des edlen Rebensaftes vermittelt werden, zum Anderen w\u00e4re es gewiss eine Attraktion f\u00fcr Ferieng\u00e4ste. Dar\u00fcber hinaus unterstreiche man die Bedeutung des Weinbaus, der hier schon seit Jahrhunderten betrieben und selbst im Neusatzer Wappen dargestellt werde.<\/p>\n<p>\u00dcber dem Rathauseingang ist eines zu finden. Es ist von prallen Trauben und Weinbl\u00e4tteren umrankt und tr\u00e4gt in der oberen H\u00e4lfte ein Rebmesser.<\/p>\n<div id=\"attachment_406\" style=\"width: 300px\" class=\"wp-caption alignright\"><img loading=\"lazy\" decoding=\"async\" aria-describedby=\"caption-attachment-406\" class=\"wp-image-406 size-medium\" src=\"http:\/\/heimatverein-neusatz.de\/wp-content\/uploads\/2020\/12\/Neusatzer-Wappen-ueber-der-Tuer-Rathaus-300x234.jpg\" alt=\"\" width=\"300\" height=\"234\" srcset=\"https:\/\/heimatverein-neusatz.de\/wp-content\/uploads\/2020\/12\/Neusatzer-Wappen-ueber-der-Tuer-Rathaus-300x234.jpg 300w, https:\/\/heimatverein-neusatz.de\/wp-content\/uploads\/2020\/12\/Neusatzer-Wappen-ueber-der-Tuer-Rathaus-768x599.jpg 768w, https:\/\/heimatverein-neusatz.de\/wp-content\/uploads\/2020\/12\/Neusatzer-Wappen-ueber-der-Tuer-Rathaus-750x585.jpg 750w, https:\/\/heimatverein-neusatz.de\/wp-content\/uploads\/2020\/12\/Neusatzer-Wappen-ueber-der-Tuer-Rathaus.jpg 992w\" sizes=\"auto, (max-width: 300px) 100vw, 300px\" \/><p id=\"caption-attachment-406\" class=\"wp-caption-text\">Neusatzer Ortswappen \u00fcber dem Rathauseingang<\/p><\/div>\n<p>Die Vorstandschaft begr\u00fc\u00dfte das Vorhaben und beschloss, den Weinlehrpfad anl\u00e4sslich des 40- j\u00e4hrigen Vereinsjubil\u00e4ums zu errichten.<\/p>\n<p>Am 11. Juni 1995 war es schlie\u00dflich soweit. Bei sch\u00f6nstem Wetter und einem ansprechenden Programm konnten viele Besucher zur feierlichen Er\u00f6ffnung von Wolf J\u00fcrgen Lie\u00df begr\u00fc\u00dft werden. Weitere Redner waren Oberb\u00fcrgermeister Gerhard Helbing und Ortsvorsteher Josef Gauss. Der Weinbaurat Roland Immel \u00fcbernahm die F\u00fchrung durch den Lehrpfad und Georg Huschle, Gesch\u00e4ftsf\u00fchrer der Affentaler Winzergenossenschaft, beschrieb die verschiedenen Weine, die gekostet werden konnten. Musikalisch wurden die Feierlichkeiten von der Trachtenkapelle &#8222;Gr\u00fcne J\u00e4ger&#8220; umrahmt und Anita Barny hatte mit ihrer Kinder &#8211; Tanzgruppe eine sch\u00f6ne Darbietung einstudiert.<\/p>\n<div id=\"attachment_408\" style=\"width: 300px\" class=\"wp-caption alignleft\"><img loading=\"lazy\" decoding=\"async\" aria-describedby=\"caption-attachment-408\" class=\"wp-image-408 size-medium\" src=\"http:\/\/heimatverein-neusatz.de\/wp-content\/uploads\/2020\/12\/Bild-300x218.jpg\" alt=\"\" width=\"300\" height=\"218\" srcset=\"https:\/\/heimatverein-neusatz.de\/wp-content\/uploads\/2020\/12\/Bild-300x218.jpg 300w, https:\/\/heimatverein-neusatz.de\/wp-content\/uploads\/2020\/12\/Bild-1024x745.jpg 1024w, https:\/\/heimatverein-neusatz.de\/wp-content\/uploads\/2020\/12\/Bild-768x558.jpg 768w, https:\/\/heimatverein-neusatz.de\/wp-content\/uploads\/2020\/12\/Bild-1536x1117.jpg 1536w, https:\/\/heimatverein-neusatz.de\/wp-content\/uploads\/2020\/12\/Bild-2048x1489.jpg 2048w, https:\/\/heimatverein-neusatz.de\/wp-content\/uploads\/2020\/12\/Bild-750x545.jpg 750w\" sizes=\"auto, (max-width: 300px) 100vw, 300px\" \/><p id=\"caption-attachment-408\" class=\"wp-caption-text\">v.l. Wolf J\u00fcrgen Lie\u00df, Georg Huschle, Roland Immel, Josef Gauss<\/p><\/div>\n<p>An dem Er\u00f6ffnungstag wurde auch eine Premiere gefeiert, da es der erste Weinlehrpfad der Stadt B\u00fchl war und bis heute geblieben ist, obgleich auch in den B\u00fchler Stadtteilen Altschweier, Eisental und Kappelwindeck umfangreich Weinbau betrieben wird.<\/p>\n<div id=\"attachment_376\" style=\"width: 300px\" class=\"wp-caption alignright\"><img loading=\"lazy\" decoding=\"async\" aria-describedby=\"caption-attachment-376\" class=\"wp-image-376 size-medium\" src=\"http:\/\/heimatverein-neusatz.de\/wp-content\/uploads\/2020\/12\/Infotafel-Weinlehrpfad-300x189.jpg\" alt=\"\" width=\"300\" height=\"189\" srcset=\"https:\/\/heimatverein-neusatz.de\/wp-content\/uploads\/2020\/12\/Infotafel-Weinlehrpfad-300x189.jpg 300w, https:\/\/heimatverein-neusatz.de\/wp-content\/uploads\/2020\/12\/Infotafel-Weinlehrpfad-1024x646.jpg 1024w, https:\/\/heimatverein-neusatz.de\/wp-content\/uploads\/2020\/12\/Infotafel-Weinlehrpfad-768x485.jpg 768w, https:\/\/heimatverein-neusatz.de\/wp-content\/uploads\/2020\/12\/Infotafel-Weinlehrpfad-1536x970.jpg 1536w, https:\/\/heimatverein-neusatz.de\/wp-content\/uploads\/2020\/12\/Infotafel-Weinlehrpfad-2048x1293.jpg 2048w, https:\/\/heimatverein-neusatz.de\/wp-content\/uploads\/2020\/12\/Infotafel-Weinlehrpfad-750x473.jpg 750w\" sizes=\"auto, (max-width: 300px) 100vw, 300px\" \/><p id=\"caption-attachment-376\" class=\"wp-caption-text\">Info Tafel<\/p><\/div>\n<p>Der Weinlehrpfad beginnt am Ende der Ralschbachstra\u00dfe nach der Wohnbebauung. Auf einem Rundweg, der am Ausgangspunkt endet, sind zw\u00f6lf wetterfeste Metalltafeln instaliert. Auf ihnen findet sich Wissenswertes zum Weinbau in Deutschland, in Baden, zu den heimischen Rebsorten, zur Traubenlese (umgangssprachlich &#8222;herbschde&#8220;), zum Pflanzenschutz, zur Bodenpflege und D\u00fcngung.<\/p>\n<p>In den letzen 25 Jahren hat sich klimatisch Einiges ge\u00e4ndert, was dazu f\u00fchrt, dass Textstellen auf Tafeln nicht aktuell sind. Beispielsweise die folgende:<\/p>\n<p><em>Die Besonderheit unseres Gebietes liegt aber an den hohen Niederschlagsmengen von 1100 bis 1200 Litern je qm und Jahr. Unser Gebiet bezeichnet man auch als ,,Goldene Au&#8220;. Es ist deshalb so segensreich, weil unsere Weinberge direkt in das Massiv der Schwarzwaldberge einm\u00fcnden und die Wolken durch die bis zu 1100 m hohen Berge ihr aufgespeichertes Wasser in kurzen, aber starken Regenf\u00e4llen ausgie\u00dfen.<\/em><\/p>\n<p>Gibt es diese Niederschalgsmengen noch bei uns? Walter Kist vom Schelmenloch f\u00fchrt regelm\u00e4\u00dfig Wetteraufzeichnungen und hat die Niederschlagsmengen f\u00fcr die letzten Jahre uns dankenswerter Weise \u00fcberlassen:<\/p>\n<ul>\n<li>2016 1051 l\/m\u00b2<\/li>\n<li>2017 1107 l\/m\u00b2<\/li>\n<li>2018\u00a0\u00a0 719 l\/m\u00b2<\/li>\n<li>2019 1083 l\/m\u00b2.<\/li>\n<\/ul>\n<p>An diesen Zahlen ist zu erkennen, dass 1200 l\/m\u00b2 in den letzten Jahren nicht mehr erreicht wurden und es 2018 erheblich weniger war. Dass die Pflanzen zunehmend an Trockenstress leiden, liegt jedoch nicht an der Niederschlagsmenge, sondern auch daran, dass die Trockenperioden immer l\u00e4nger werden, die Zahl der Sommer- und Hitzetage stetig zunimmt und immer h\u00e4ufiger Winde wehen, womit die Verdunstungsrate ansteigt.<\/p>\n<p>Die klimatischen Ver\u00e4nderungen zeigen sich auch am Rebsortenspiegel. Rebsorten aus dem S\u00fcdwesten Frankreichs wie Sauvignon blanc (Wei\u00dfwein) und Merlot (Rotwein) haben Einzug gehalten.<\/p>\n<p>&nbsp;<\/p>\n<p>&nbsp;<\/p>\n<div id=\"attachment_433\" style=\"width: 224px\" class=\"wp-caption alignleft\"><img loading=\"lazy\" decoding=\"async\" aria-describedby=\"caption-attachment-433\" class=\"size-medium wp-image-433\" src=\"http:\/\/heimatverein-neusatz.de\/wp-content\/uploads\/2021\/02\/Bild-mit-Wappen-von-Neusatz-224x300.jpg\" alt=\"\" width=\"224\" height=\"300\" srcset=\"https:\/\/heimatverein-neusatz.de\/wp-content\/uploads\/2021\/02\/Bild-mit-Wappen-von-Neusatz-224x300.jpg 224w, https:\/\/heimatverein-neusatz.de\/wp-content\/uploads\/2021\/02\/Bild-mit-Wappen-von-Neusatz-766x1024.jpg 766w, https:\/\/heimatverein-neusatz.de\/wp-content\/uploads\/2021\/02\/Bild-mit-Wappen-von-Neusatz-768x1026.jpg 768w, https:\/\/heimatverein-neusatz.de\/wp-content\/uploads\/2021\/02\/Bild-mit-Wappen-von-Neusatz-1149x1536.jpg 1149w, https:\/\/heimatverein-neusatz.de\/wp-content\/uploads\/2021\/02\/Bild-mit-Wappen-von-Neusatz-1532x2048.jpg 1532w, https:\/\/heimatverein-neusatz.de\/wp-content\/uploads\/2021\/02\/Bild-mit-Wappen-von-Neusatz-750x1002.jpg 750w, https:\/\/heimatverein-neusatz.de\/wp-content\/uploads\/2021\/02\/Bild-mit-Wappen-von-Neusatz-rotated.jpg 1712w\" sizes=\"auto, (max-width: 224px) 100vw, 224px\" \/><p id=\"caption-attachment-433\" class=\"wp-caption-text\">Ortswappen Neusatz<\/p><\/div>\n<p style=\"text-align: center;\"><em><strong>Neusatz<\/strong><\/em><\/p>\n<p style=\"text-align: left;\"><em>Anno 1248 wurde die Gemeinde Neusatz, Landkreis B\u00fchl, erstmals unter der Ortsbezeichnung\u00a0<strong> &#8218;Niuzatz&#8216;<\/strong> urkundlich erw\u00e4hnt. In den darauf folgenden Jahrhunderten waren die Schreibweisen: anno 1335 <strong>&#8218;<\/strong><strong>Nusacs&#8216;<\/strong>, anno 1381 <strong>&#8218;Nusatz&#8216;, <\/strong>anno 1477 <strong>&#8218;Nuwsatz&#8216; <\/strong>, anno 1497 <strong>&#8218;N\u00fcsatz&#8216;<\/strong> u.a.m. Das von der Gemeinde gef\u00fchrte Ortswappen, welches bereits schon auf Siegeln die zu Ende des 17. Jahrhunderts im Gebrauch waren, wird\u00a0 wie folgt beschrieben:<\/em><\/p>\n<p><em>In Silber, ein roter Balken, im oberen Feld ein rotes Winzermesser, im unteren Feld drei rote Kugeln (2:1). Die Wappenfarben wurden vom Generallandesarchiv zu Karlsruhe, im April 1900 vorgeschlagen und vom gemeinderat angenommen.<\/em><\/p>\n<p>Das Bild h\u00e4ngt in der neuen Ortsverwaltung in Neusatz.<\/p>\n<hr \/>\n<p><strong>Neusatz Die geschichtliche Entwicklung<\/strong><\/p>\n<p><img loading=\"lazy\" decoding=\"async\" class=\"size-medium wp-image-251 alignright\" src=\"http:\/\/heimatverein-neusatz.de\/wp-content\/uploads\/2020\/08\/P1010090-224x300.jpg\" alt=\"Neusatz Die Geschichtliche Entwicklung\" width=\"224\" height=\"300\" srcset=\"https:\/\/heimatverein-neusatz.de\/wp-content\/uploads\/2020\/08\/P1010090-224x300.jpg 224w, https:\/\/heimatverein-neusatz.de\/wp-content\/uploads\/2020\/08\/P1010090-766x1024.jpg 766w, https:\/\/heimatverein-neusatz.de\/wp-content\/uploads\/2020\/08\/P1010090-768x1026.jpg 768w, https:\/\/heimatverein-neusatz.de\/wp-content\/uploads\/2020\/08\/P1010090-1149x1536.jpg 1149w, https:\/\/heimatverein-neusatz.de\/wp-content\/uploads\/2020\/08\/P1010090-1532x2048.jpg 1532w, https:\/\/heimatverein-neusatz.de\/wp-content\/uploads\/2020\/08\/P1010090-750x1002.jpg 750w, https:\/\/heimatverein-neusatz.de\/wp-content\/uploads\/2020\/08\/P1010090-rotated.jpg 1712w\" sizes=\"auto, (max-width: 224px) 100vw, 224px\" \/><\/p>\n<p><em>Die schriftlich \u00fcberlieferte und damit bekannte Geschichte der Gemeinde Neusatz beginnt mit der ersten urkundlichen Erw\u00e4hnung im Jahre 1248, jedoch gilt eine fr\u00fchzeitige, vermutlich keltisch &#8211; alemannische Besiedlung des Neusatzer Tales als erwiesen. Urspr\u00fcnglich geh\u00f6rte Neusatz den Grafen von Eberstein. Doch wurden die Markgrafen von Baden wahrscheinlich schon um 1300 neuer Landesherr f\u00fcr dieses Gebiet. Der wechselnde Lauf der Geschichte von der ersten urkundlichen Erw\u00e4hnung bis heute hat in Neusatz viele Spuren hinterlassen. Gute und schlechte Zeiten, Wachstum und Stillstand, Friedensjahre und zahlreiche Kriege wechselten sich in den vergangenen Jahrhunderten ab, und das gro\u00dfe Weltgeschehen spiegelte sich auch im Schicksal der Gemeinde wieder. Das 16. Jahrhundert stand ganz im Zeichen der Reformation, und nach dem Grundsatz, <strong>cuius regio, eius religio<\/strong>, mu\u00dften die Untertanen den Glauben ihres jeweiligen Herrschers annehmen. 1535 wurde die Markgrafschaft Baden geteilt, die eine H\u00e4lfte nannte sich Baden &#8211; Durlach, die andere, die den Hauptteil des Amtes B\u00fchl, zu dem auch Neusatz geh\u00f6rte, erhielt Baden &#8211; Baden. Die Regenten des Baden &#8211; Badener Teils der Grafschaft wechselten oft im Verlauf der n\u00e4chsten Jahrzehnte, und jeweils wechselten auch die Neusatzer ihr Bekenntnis, im Ganzen an die acht Male. Zuletzt blieb der \u00fcberwiegende Teil der Einwohnerschaft katholisch. Die Folge der Glaubenswirren des 16. Jahrhunderts war der Drei\u00dfigj\u00e4hrige Krieg von 1618 &#8211; 1648, der auch von der Gemeinde Neusatz gro\u00dfe Opfer forderte. Langandauernde Einquartierungen, zahlreiche Truppendurchz\u00fcge aller streitenden Parteien lie\u00dfen besonders in den vierziger Jahren jenes Krieges tiefe Spuren zur\u00fcck. Wenige Jahrzehnte sp\u00e4ter brachte der sogenannte zweite franz\u00f6sische Raubkrieg (1672 &#8211; 1679) erneutes Kriegselend, ebenso der pf\u00e4lzisch &#8211; orleanische Krieg von 1688 &#8211; 1697 und der Spanische Erbfolgekrieg mit einer franz\u00f6sischen Besatzungszeit (1701 &#8211; 1714). Auch im Polnischen Erbfolgekrieg von 1730 &#8211; 1735 hatte die Gemeinde Neusatz unter Brandschatzung und Kriegsleistungen an die Franzosen zu leiden. Im Jahre 1789 war Neusatz Ausgangspunkt der Bauernunruhen in Mittelbaden. Hier setzten die B\u00fcrger zuerst ihren unbeliebten Vogt ab und jagten ihn in die Flucht. Der Aufstand wurde jedoch unblutig durch den F\u00fcrsten geregelt, die Anf\u00fchrer verhaftet und die Bevolkerung ermahnt. Ernster und unheilvoller wurden f\u00fcr Neusatz die franz\u00f6sische Revolution und die Zeit der Napoleonischen Kriege, da die Gemeinde zum Reichsgrenzland nach Frankreich hin geh\u00f6rte.<\/em><br \/>\n<em>Durch Truppenstellungen, Geld- und Kriegslieferungen wurden Baden und auch Neusatz sehr geschw\u00e4cht, wenn auch diese Zeit mit der Neuordnung der Besitzverh\u00e4ltnisse einen Wendepunkt in der Geschichte darstellt. 1803 wurde Baden K\u00fcrf\u00fcrstentum, 1806 Gro\u00dfherzogtum, und 1818 schuf Gro\u00dfherzog Ludwig f\u00fcr Baden eine Verfassung, die es zum liberalsten Deutschen Staat im 19. Jahrhundert werden lie\u00df. 1871 kam Baden dann an das Deutsche Reich. 1936 wurde die Gemeinde Waldmatt, die 1396 erstmals urkundlich erw\u00e4hnt wird, nach Neusatz eingemeindet. Neusatz war bis Mitte des 19. Jahrhunderts eine meist landwirtschaftlich orientierte Gemeinde mit ein wenig Handwerk und Handel. Erst mit Beginn des industriellen Zeitalters begann sich eine \u00c4nderung der Struktur der Gemeinde abzuzeichnen. Die damals einsetzende Aufw\u00e4rtsentwicklung wurde jedoch noch zwei mal durch die beiden Weltkriege unseres Jahrhunderts weitgehend unterbrochen. Diese beiden Kriege hinterlie\u00dfen ihre Spuren auch in Neusatz, zahlreiche Gefallene und Vermisste waren zu beklagen. Heute aber sind die N\u00f6te jener Jahre \u00fcberwunden. Neusatz nahm im Zeichen des sogenannten Deutschen Wirtschaftswunders einen enormen Aufschwung und entwickelte sich zu einem modernen und vielseitigen Gemeinwesen. Dessen Verwaltung jederzeit bem\u00fcht ist, alles f\u00fcr das Wohl der B\u00fcrger w\u00fcnschenswerte zu erm\u00f6glichen. Dies ist auf Grund der heutigen vielseitigen Wirtschaftskraft durch aus gesichert. Neusatz pr\u00e4sentiert sich somit als traditionsreiches, dabei bl\u00fchendes und zukunftsorientiertes Gemeinwesen.<\/em><\/p>\n<p><em>\u00a0\u00a0\u00a0\u00a0\u00a0\u00a0\u00a0\u00a0\u00a0\u00a0\u00a0\u00a0\u00a0\u00a0\u00a0\u00a0\u00a0\u00a0\u00a0\u00a0\u00a0\u00a0\u00a0\u00a0\u00a0\u00a0\u00a0\u00a0\u00a0\u00a0\u00a0\u00a0\u00a0\u00a0\u00a0\u00a0\u00a0\u00a0\u00a0\u00a0\u00a0\u00a0\u00a0\u00a0\u00a0\u00a0\u00a0\u00a0\u00a0\u00a0\u00a0\u00a0\u00a0\u00a0\u00a0\u00a0\u00a0\u00a0\u00a0\u00a0\u00a0\u00a0\u00a0\u00a0\u00a0\u00a0\u00a0\u00a0\u00a0\u00a0\u00a0\u00a0\u00a0\u00a0\u00a0\u00a0\u00a0 <strong>Im Jahre 1971<\/strong><\/em><\/p>\n","protected":false},"excerpt":{"rendered":"<p>Historische Brunnenanlage H\u00f6rth auf dem Kirchb\u00fchl Der Brunnen wird von einer Quelle der Lendersmatt gespeist. Er existierte bereits vor 1885 und diente zur Wasserversorgung der Anwohner. Bis nach dem Zweiten Weltkrieg tr\u00e4nkten die umliegenden Bauern dort auch ihre K\u00fche. Ebenso legten vorbei kommende Fuhrleute gerne eine Rast ein. Ihre Zugochsen, die mit schwerer Langholzfracht unterwegs &hellip; <\/p>\n<p><a class=\"more-link btn\" href=\"https:\/\/heimatverein-neusatz.de\/?page_id=72\">Weiterlesen<\/a><\/p>\n","protected":false},"author":1,"featured_media":0,"parent":0,"menu_order":0,"comment_status":"closed","ping_status":"closed","template":"","meta":{"ngg_post_thumbnail":0,"footnotes":""},"class_list":["post-72","page","type-page","status-publish","hentry","nodate","item-wrap"],"_links":{"self":[{"href":"https:\/\/heimatverein-neusatz.de\/index.php?rest_route=\/wp\/v2\/pages\/72","targetHints":{"allow":["GET"]}}],"collection":[{"href":"https:\/\/heimatverein-neusatz.de\/index.php?rest_route=\/wp\/v2\/pages"}],"about":[{"href":"https:\/\/heimatverein-neusatz.de\/index.php?rest_route=\/wp\/v2\/types\/page"}],"author":[{"embeddable":true,"href":"https:\/\/heimatverein-neusatz.de\/index.php?rest_route=\/wp\/v2\/users\/1"}],"replies":[{"embeddable":true,"href":"https:\/\/heimatverein-neusatz.de\/index.php?rest_route=%2Fwp%2Fv2%2Fcomments&post=72"}],"version-history":[{"count":21,"href":"https:\/\/heimatverein-neusatz.de\/index.php?rest_route=\/wp\/v2\/pages\/72\/revisions"}],"predecessor-version":[{"id":597,"href":"https:\/\/heimatverein-neusatz.de\/index.php?rest_route=\/wp\/v2\/pages\/72\/revisions\/597"}],"wp:attachment":[{"href":"https:\/\/heimatverein-neusatz.de\/index.php?rest_route=%2Fwp%2Fv2%2Fmedia&parent=72"}],"curies":[{"name":"wp","href":"https:\/\/api.w.org\/{rel}","templated":true}]}}