{"id":68,"date":"2020-03-04T22:37:13","date_gmt":"2020-03-04T21:37:13","guid":{"rendered":"http:\/\/heimatverein-neusatz.de\/?page_id=68"},"modified":"2022-05-29T15:38:34","modified_gmt":"2022-05-29T13:38:34","slug":"unser-verein","status":"publish","type":"page","link":"https:\/\/heimatverein-neusatz.de\/?page_id=68","title":{"rendered":"Unser Verein"},"content":{"rendered":"<p>Der Verein wurde am 18. August 1955 von 37 Neusatzer B\u00fcrgern ins Leben gerufen, mit dem Ziel aus dem bis dahin weitgehend landwirtschaftlich ausgerichteten Dorf eine begehrte Fremdenverkehrsgemeinde zu machen. Dieser gerade aufkeimende neue Wirtschaftsfaktor sollte dazu beitragen unserer Gemeinde und seinen Einwohnern zu mehr Wohlstand zu verhelfen. Viele H\u00fcrden und Steine mussten ausger\u00e4umt, sowie wichtige Grundversorgungen, wie z. B. eine zentrale Wasserversorgung get\u00e4tigt werden.<\/p>\n<p>Der Verein erhielt den Namen\u00a0<strong> Heimat- und Verkehrsverein Neusatz <\/strong>.<\/p>\n<p>Nach der Satzung war unter anderem Zweck des Vereins, die Pflege des Fremdenverkehrs im Einvernehmen mit der Gemeindeverwaltung. Der Fremde sollte sich in Neusatz wohl f\u00fchlen, damit er seine gew\u00fcnschte Erholung finden konnte. Die Neusatzer Bev\u00f6lkerung sollte dem Fremden aufgeschlossen und freundlich entgegen kommen.<\/p>\n<p>Die Begeisterung der Bev\u00f6lkerung, geeignete Zimmer zur Verf\u00fcgung zu stellen, sowie die Bereitschaft der Wirtsleute Fremde zu bek\u00f6stigen hielt sich lange Zeit in Grenzen. Neben dem Fremdenverkehr engagierten sich unsere Vorstandsmitglieder auch um die Heimatpflege. So wurden Wanderwege, ein Waldsportpfad (Trimm Dich Pfad) und zahlreiche Ruheb\u00e4nke aufgestellt. Vortr\u00e4ge und Blumenschmuckwettbewerbe wurden ausgerichtet, sowie eine Informationstafel auf dem Rathausplatz installiert.<\/p>\n<p>Anstrengungen, die 1971 mit der Anerkennung als &#8220; <strong>ganzj\u00e4hriger Erholungsort<\/strong> &#8220; belohnt wurden.<\/p>\n<p>Mit der Herausgabe der &#8220; <strong>Neusatzer Heimatgr\u00fc\u00dfe<\/strong>&#8220; im Jahr 1967, welches bis heute allj\u00e4hrlich erscheint, bringen wir weltweit allen Neusatzern die Heimat nahe. Seit 2003 bewirten wir bei\u00a0 verschiedenen Festen in unserem Backhaus. Hier vermitteln wir auch das Brauchtum des Brotbackens an die j\u00fcngeren Generationen. Um der drohenden Verbuschung unserer Kulturlandschaft entgegen zu wirken, setzen wir uns f\u00fcr die Pflege und den Erhalt der Trockenmauern auf der Sommerseite ein.<\/p>\n<p>Nach dem uns die Belange des Fremdenverkehrs mehr und mehr von der Stadt B\u00fchl abgenommen wurden, lag es nahe unseren Verein umzubenennen.<\/p>\n<p>Seit 2016 hei\u00dft der Verein &#8220; <strong>Heimatverein Neusatz <\/strong>&#8222;.<\/p>\n<p>&nbsp;<\/p>\n<h2><em><strong>Vereinssatzung:<\/strong><\/em><\/h2>\n<p><a href=\"http:\/\/heimatverein-neusatz.de\/wp-content\/uploads\/2021\/01\/Satzung-Heimatverein-Neusatz-e.V..pdf\">Satzung, Heimatverein Neusatz e.V.<\/a><\/p>\n<p>&nbsp;<\/p>\n<h2><strong><em>Beitrittserkl\u00e4rung<\/em><\/strong><\/h2>\n<p><a href=\"http:\/\/heimatverein-neusatz.de\/wp-content\/uploads\/2022\/05\/HV_Beitrittserklaerung.pdf\">HV_Beitrittserkl\u00e4rung<\/a><\/p>\n","protected":false},"excerpt":{"rendered":"<p>Der Verein wurde am 18. August 1955 von 37 Neusatzer B\u00fcrgern ins Leben gerufen, mit dem Ziel aus dem bis dahin weitgehend landwirtschaftlich ausgerichteten Dorf eine begehrte Fremdenverkehrsgemeinde zu machen. Dieser gerade aufkeimende neue Wirtschaftsfaktor sollte dazu beitragen unserer Gemeinde und seinen Einwohnern zu mehr Wohlstand zu verhelfen. Viele H\u00fcrden und Steine mussten ausger\u00e4umt, sowie &hellip; <\/p>\n<p><a class=\"more-link btn\" href=\"https:\/\/heimatverein-neusatz.de\/?page_id=68\">Weiterlesen<\/a><\/p>\n","protected":false},"author":1,"featured_media":0,"parent":0,"menu_order":0,"comment_status":"closed","ping_status":"closed","template":"","meta":{"ngg_post_thumbnail":0,"footnotes":""},"class_list":["post-68","page","type-page","status-publish","hentry","nodate","item-wrap"],"_links":{"self":[{"href":"https:\/\/heimatverein-neusatz.de\/index.php?rest_route=\/wp\/v2\/pages\/68","targetHints":{"allow":["GET"]}}],"collection":[{"href":"https:\/\/heimatverein-neusatz.de\/index.php?rest_route=\/wp\/v2\/pages"}],"about":[{"href":"https:\/\/heimatverein-neusatz.de\/index.php?rest_route=\/wp\/v2\/types\/page"}],"author":[{"embeddable":true,"href":"https:\/\/heimatverein-neusatz.de\/index.php?rest_route=\/wp\/v2\/users\/1"}],"replies":[{"embeddable":true,"href":"https:\/\/heimatverein-neusatz.de\/index.php?rest_route=%2Fwp%2Fv2%2Fcomments&post=68"}],"version-history":[{"count":9,"href":"https:\/\/heimatverein-neusatz.de\/index.php?rest_route=\/wp\/v2\/pages\/68\/revisions"}],"predecessor-version":[{"id":629,"href":"https:\/\/heimatverein-neusatz.de\/index.php?rest_route=\/wp\/v2\/pages\/68\/revisions\/629"}],"wp:attachment":[{"href":"https:\/\/heimatverein-neusatz.de\/index.php?rest_route=%2Fwp%2Fv2%2Fmedia&parent=68"}],"curies":[{"name":"wp","href":"https:\/\/api.w.org\/{rel}","templated":true}]}}